{"id":1203,"date":"2025-03-15T17:13:08","date_gmt":"2025-03-15T17:13:08","guid":{"rendered":"https:\/\/thomas-schmitt.ch\/?page_id=1203"},"modified":"2025-04-01T17:47:00","modified_gmt":"2025-04-01T17:47:00","slug":"hochbeete","status":"publish","type":"page","link":"https:\/\/thomas-schmitt.ch\/?page_id=1203","title":{"rendered":"Hochbeete"},"content":{"rendered":"\n<h2 class=\"wp-block-heading\">Wof\u00fcr ein Hochbeet?<\/h2>\n\n\n\n<div class=\"wp-block-columns is-layout-flex wp-container-core-columns-is-layout-9d6595d7 wp-block-columns-is-layout-flex\">\n<div class=\"wp-block-column is-layout-flow wp-block-column-is-layout-flow\">\n<figure class=\"wp-block-image size-full\"><img decoding=\"async\" src=\"https:\/\/thomas-schmitt.ch\/wp-content\/uploads\/2022\/12\/Hochbeet-Standard-0.jpg\" alt=\"\" class=\"wp-image-1210\"\/><\/figure>\n<\/div>\n\n\n\n<div class=\"wp-block-column is-layout-flow wp-block-column-is-layout-flow\">\n<p class=\"has-normal-font-size\">Hochbeete k\u00f6nnen auf viele verschiedene Arten eingesetzt werden &#8211; f\u00fcr jede Einsatzfrom braucht man oft eine sehr spezifische L\u00f6sung.<\/p>\n\n\n\n<p class=\"has-normal-font-size\">Im Garten, auf einer offenen oder geschlossenen Terasse, f\u00fcr das Gem\u00fcse und den Salat \u00fcber alle Jahreszeiten hinweg, zum Anziehen von Tomaten oder Peperonis, mit viel oder wenig Platz, aus altem Terassenholz oder neuer Douglasie. Jede und jeder hat so seine Vorstellungen und W\u00fcnsche.<\/p>\n\n\n\n<p>Und deinen speziellen Wunsch k\u00f6nnen wir in einem gemeinsamen Projekt Realit\u00e4t werden lassen.<\/p>\n<\/div>\n<\/div>\n\n\n\n<h2 class=\"wp-block-heading\">Mein erstes Hochbeet<\/h2>\n\n\n\n<div class=\"wp-block-columns is-layout-flex wp-container-core-columns-is-layout-9d6595d7 wp-block-columns-is-layout-flex\">\n<div class=\"wp-block-column is-layout-flow wp-block-column-is-layout-flow\">\n<p>Mein erstes Hochbeet habe ich wie dass kleine Balkonhochbeet weiter unten aus dem Holz unserer alten Terasse gefertigt.<\/p>\n\n\n\n<p>Das Hochbeet steht seit 2014 bei uns im Garten, so wie es hier auf dem Bild zu sehen ist. Es ist seitdem mit Erde gef\u00fcllt, die j\u00e4hrlich nur immer wieder nachgef\u00fcllt wird. Bisher mussten nie das Hochbeet leeren, weil zum Beispiel ein Bodenbrett durchgebrochen w\u00e4re.<\/p>\n\n\n\n<p>Fantastisch!<\/p>\n<\/div>\n\n\n\n<div class=\"wp-block-column is-layout-flow wp-block-column-is-layout-flow\">\n<figure class=\"wp-block-image size-full\"><img loading=\"lazy\" decoding=\"async\" width=\"2560\" height=\"1920\" src=\"https:\/\/thomas-schmitt.ch\/wp-content\/uploads\/2021\/05\/2018-Hochbeet-Isabelle-01-scaled.jpg\" alt=\"\" class=\"wp-image-74\" srcset=\"https:\/\/thomas-schmitt.ch\/wp-content\/uploads\/2021\/05\/2018-Hochbeet-Isabelle-01-scaled.jpg 2560w, https:\/\/thomas-schmitt.ch\/wp-content\/uploads\/2021\/05\/2018-Hochbeet-Isabelle-01-300x225.jpg 300w\" sizes=\"auto, (max-width: 2560px) 100vw, 2560px\" \/><\/figure>\n<\/div>\n<\/div>\n\n\n\n<h2 class=\"wp-block-heading\">Kinderhochbeet &#8211; oder?<\/h2>\n\n\n\n<div class=\"wp-block-columns is-layout-flex wp-container-core-columns-is-layout-9d6595d7 wp-block-columns-is-layout-flex\">\n<div class=\"wp-block-column is-layout-flow wp-block-column-is-layout-flow\">\n<figure class=\"wp-block-image size-large\"><img loading=\"lazy\" decoding=\"async\" width=\"1024\" height=\"768\" src=\"https:\/\/thomas-schmitt.ch\/wp-content\/uploads\/2025\/03\/Minihochbeet-1024x768.jpg\" alt=\"\" class=\"wp-image-1533\" srcset=\"https:\/\/thomas-schmitt.ch\/wp-content\/uploads\/2025\/03\/Minihochbeet-1024x768.jpg 1024w, https:\/\/thomas-schmitt.ch\/wp-content\/uploads\/2025\/03\/Minihochbeet-300x225.jpg 300w, https:\/\/thomas-schmitt.ch\/wp-content\/uploads\/2025\/03\/Minihochbeet-768x576.jpg 768w, https:\/\/thomas-schmitt.ch\/wp-content\/uploads\/2025\/03\/Minihochbeet-1536x1152.jpg 1536w, https:\/\/thomas-schmitt.ch\/wp-content\/uploads\/2025\/03\/Minihochbeet-500x375.jpg 500w, https:\/\/thomas-schmitt.ch\/wp-content\/uploads\/2025\/03\/Minihochbeet-800x600.jpg 800w, https:\/\/thomas-schmitt.ch\/wp-content\/uploads\/2025\/03\/Minihochbeet-1280x960.jpg 1280w, https:\/\/thomas-schmitt.ch\/wp-content\/uploads\/2025\/03\/Minihochbeet-400x300.jpg 400w, https:\/\/thomas-schmitt.ch\/wp-content\/uploads\/2025\/03\/Minihochbeet.jpg 1707w\" sizes=\"auto, (max-width: 1024px) 100vw, 1024px\" \/><\/figure>\n<\/div>\n\n\n\n<div class=\"wp-block-column is-layout-flow wp-block-column-is-layout-flow\">\n<p>Das erste Hochbeet f\u00fcr die kleinen Hobbyg\u00e4rtner.<\/p>\n\n\n\n<p>Ein ganz normales Hochbeet, einfach nur mit kleineren Massen.<\/p>\n\n\n\n<p>Nat\u00fcrlich eignet sich das nicht nur f\u00fcr Kinder, sondern auch f\u00fcr einen ganz besonderen Platz, der kein grosses Hochbeet erlaubt. Oder f\u00fcr einen ganz speziellen Inhalt.<\/p>\n\n\n\n<p>Vielleicht f\u00fcr K\u00fcchenkr\u00e4uter?<\/p>\n<\/div>\n<\/div>\n\n\n\n<h2 class=\"wp-block-heading\">Hochbeet f\u00fcr einen kleinen Balkon<\/h2>\n\n\n\n<div class=\"wp-block-columns is-layout-flex wp-container-core-columns-is-layout-9d6595d7 wp-block-columns-is-layout-flex\">\n<div class=\"wp-block-column is-layout-flow wp-block-column-is-layout-flow\">\n<p>Aus unserer alten Terasse gefertigt, mit links 2 Tablarbrettern.<\/p>\n\n\n\n<p>Unten Platz zum verstauen, z.B. den Grill.<\/p>\n\n\n\n<p>\u00dcbrigens: zu meinen Hochbeeten geh\u00f6rt immer auch eine Noppenfolie!<\/p>\n<\/div>\n\n\n\n<div class=\"wp-block-column is-layout-flow wp-block-column-is-layout-flow\">\n<figure class=\"wp-block-image size-large\"><img loading=\"lazy\" decoding=\"async\" width=\"1024\" height=\"776\" src=\"https:\/\/thomas-schmitt.ch\/wp-content\/uploads\/2022\/12\/Hochbeet-aus-Terassenholz-1024x776.jpg\" alt=\"\" class=\"wp-image-1204\" srcset=\"https:\/\/thomas-schmitt.ch\/wp-content\/uploads\/2022\/12\/Hochbeet-aus-Terassenholz-1024x776.jpg 1024w, https:\/\/thomas-schmitt.ch\/wp-content\/uploads\/2022\/12\/Hochbeet-aus-Terassenholz-300x227.jpg 300w, https:\/\/thomas-schmitt.ch\/wp-content\/uploads\/2022\/12\/Hochbeet-aus-Terassenholz-768x582.jpg 768w, https:\/\/thomas-schmitt.ch\/wp-content\/uploads\/2022\/12\/Hochbeet-aus-Terassenholz-500x379.jpg 500w, https:\/\/thomas-schmitt.ch\/wp-content\/uploads\/2022\/12\/Hochbeet-aus-Terassenholz-800x607.jpg 800w, https:\/\/thomas-schmitt.ch\/wp-content\/uploads\/2022\/12\/Hochbeet-aus-Terassenholz-396x300.jpg 396w, https:\/\/thomas-schmitt.ch\/wp-content\/uploads\/2022\/12\/Hochbeet-aus-Terassenholz.jpg 1199w\" sizes=\"auto, (max-width: 1024px) 100vw, 1024px\" \/><\/figure>\n<\/div>\n<\/div>\n\n\n\n<h2 class=\"wp-block-heading\">Hochbeet f\u00fcr eine grosse, offene Terasse<\/h2>\n\n\n\n<div class=\"wp-block-columns is-layout-flex wp-container-core-columns-is-layout-9d6595d7 wp-block-columns-is-layout-flex\">\n<div class=\"wp-block-column is-layout-flow wp-block-column-is-layout-flow\">\n<figure class=\"wp-block-image size-full\"><img decoding=\"async\" src=\"https:\/\/thomas-schmitt.ch\/wp-content\/uploads\/2022\/12\/Hochbeet-Standard-3.jpg\" alt=\"\" class=\"wp-image-1208\"\/><\/figure>\n<\/div>\n\n\n\n<div class=\"wp-block-column is-layout-flow wp-block-column-is-layout-flow\">\n<p>Der Aufbau des Hochbeets auf diesem Bild ist exakt nach meinem &#8222;Standard-Design&#8220;.<\/p>\n\n\n\n<ul class=\"wp-block-list\">\n<li>Das Hochbeet steht auf Beinen, Schnecken haben hier praktisch keine Chance mehr.<\/li>\n\n\n\n<li>Die innenliegenden Bretter auf der langen Seite lassen das Hochbeet nicht so als Kasten wirken.<\/li>\n\n\n\n<li>Auf den beiden L\u00e4ngsseiten ist ein &#8222;Handlauf&#8220; aufgelegt.<\/li>\n\n\n\n<li>Auch wenn es nicht so aussieht: Die Bretter stossen nicht wirklich aneinander, sondern haben einen schmalen Spalt, damit die Lift besser zirkulieren kann und das Holz nach einem Regen wieder austrocknen kann.<\/li>\n<\/ul>\n<\/div>\n<\/div>\n\n\n\n<h2 class=\"wp-block-heading\">Hochbeet mit Dach und Schrank<\/h2>\n\n\n\n<div class=\"wp-block-columns is-layout-flex wp-container-core-columns-is-layout-9d6595d7 wp-block-columns-is-layout-flex\">\n<div class=\"wp-block-column is-layout-flow wp-block-column-is-layout-flow\">\n<p>Das Hochbeet steht auf der Terrasse einer Attikawohnung, im offenen Bereich.<\/p>\n\n\n\n<p>Es ist explizit f\u00fcr Cherrytomaten und scharfe Peperoni gedacht, braucht also kein tiefes Pflanzbeet.<\/p>\n\n\n\n<p>Daf\u00fcr konnte ich einen kleinen geschlossenen Schrank unter das Hochbeet bauen. Hier werden Blument\u00f6pfe, Gartenger\u00e4te usw. auf zwei Tablarebenen versorgt.<\/p>\n\n\n\n<p>Und, wenn man genau hinsieht: unter zwei Beinen sind Rollen angebracht. Im Winter wird das komplette Hochbeet mit Inhalt unters Dach gefahren.<\/p>\n<\/div>\n\n\n\n<div class=\"wp-block-column is-layout-flow wp-block-column-is-layout-flow\">\n<figure class=\"wp-block-image size-full\"><img decoding=\"async\" src=\"https:\/\/thomas-schmitt.ch\/wp-content\/uploads\/2022\/12\/Hochbeet-mit-Schrank-Tueren-Dach.jpg\" alt=\"\" class=\"wp-image-1206\"\/><\/figure>\n<\/div>\n<\/div>\n\n\n\n<h2 class=\"wp-block-heading\">Hochbeet in Mainz<\/h2>\n\n\n\n<div class=\"wp-block-columns is-layout-flex wp-container-core-columns-is-layout-9d6595d7 wp-block-columns-is-layout-flex\">\n<div class=\"wp-block-column is-layout-flow wp-block-column-is-layout-flow\">\n<figure class=\"wp-block-image size-full\"><img decoding=\"async\" src=\"https:\/\/thomas-schmitt.ch\/wp-content\/uploads\/2022\/12\/Hochbeet-RS.jpg\" alt=\"\" class=\"wp-image-1239\"\/><\/figure>\n<\/div>\n\n\n\n<div class=\"wp-block-column is-layout-flow wp-block-column-is-layout-flow\">\n<p>Meine erste Auftragsarbeit f\u00fcr ein Hochbeet war f\u00fcr meinen Bruder in Mainz.<\/p>\n\n\n\n<p>Richtig gelesen: Mainz in Deutschland. Auf Wunsch liefere ich auch bis dahin.<\/p>\n\n\n\n<p>Die Konstruktion war einmalig. Die Beine\/Pfosten stehen unter dem Kasten des Hochbeets. Mir war das ein wenig unsicher, deshalb habe ich nacher meine Standard-Konstruktion auf Beine\/Pfosten festgelegt, die mit dem oberen Rand des Kastens abschliessen und damit auch f\u00fcr mehr Stabilit\u00e4t des gesamten Hochbeets sorgen.<\/p>\n\n\n\n<p>Trotz allem: dieses Hochbeet steht jetzt auch schon mehrere Jahre und versorgt meinen Bruder mit K\u00fcchenkr\u00e4utern und kleinen Gem\u00fcsesorten.<\/p>\n<\/div>\n<\/div>\n\n\n\n<div style=\"height:68px\" aria-hidden=\"true\" class=\"wp-block-spacer\"><\/div>\n\n\n\n<hr class=\"wp-block-separator has-alpha-channel-opacity is-style-wide\"\/>\n\n\n\n<p class=\"has-text-align-center\">Hier erf\u00e4hrst du noch ein wenige mehr <a href=\"https:\/\/thomas-schmitt.ch\/?p=504\" data-type=\"post\" data-id=\"504\"><strong>Allgemeines zum Thema Hochbeete<\/strong><\/a><\/p>\n\n\n\n<hr class=\"wp-block-separator has-alpha-channel-opacity is-style-wide\"\/>\n\n\n\n<div style=\"height:68px\" aria-hidden=\"true\" class=\"wp-block-spacer\"><\/div>\n\n\n<div class=\"wp-block-image is-style-rounded\">\n<figure class=\"aligncenter size-large is-resized\"><a href=\"https:\/\/thomas-schmitt.ch\/\"><img loading=\"lazy\" decoding=\"async\" width=\"1024\" height=\"491\" src=\"https:\/\/thomas-schmitt.ch\/wp-content\/uploads\/2021\/09\/cropped-Thomas-Schmitt-Logo-1024x491.png\" alt=\"\" class=\"wp-image-756\" style=\"width:403px;height:auto\" srcset=\"https:\/\/thomas-schmitt.ch\/wp-content\/uploads\/2021\/09\/cropped-Thomas-Schmitt-Logo-1024x491.png 1024w, https:\/\/thomas-schmitt.ch\/wp-content\/uploads\/2021\/09\/cropped-Thomas-Schmitt-Logo-300x144.png 300w, https:\/\/thomas-schmitt.ch\/wp-content\/uploads\/2021\/09\/cropped-Thomas-Schmitt-Logo-768x368.png 768w, https:\/\/thomas-schmitt.ch\/wp-content\/uploads\/2021\/09\/cropped-Thomas-Schmitt-Logo-500x240.png 500w, https:\/\/thomas-schmitt.ch\/wp-content\/uploads\/2021\/09\/cropped-Thomas-Schmitt-Logo-800x383.png 800w, https:\/\/thomas-schmitt.ch\/wp-content\/uploads\/2021\/09\/cropped-Thomas-Schmitt-Logo-1280x613.png 1280w, https:\/\/thomas-schmitt.ch\/wp-content\/uploads\/2021\/09\/cropped-Thomas-Schmitt-Logo-496x238.png 496w, https:\/\/thomas-schmitt.ch\/wp-content\/uploads\/2021\/09\/cropped-Thomas-Schmitt-Logo.png 1388w\" sizes=\"auto, (max-width: 1024px) 100vw, 1024px\" \/><\/a><\/figure>\n<\/div>\n\n\n<div style=\"height:68px\" aria-hidden=\"true\" class=\"wp-block-spacer\"><\/div>\n ","protected":false},"excerpt":{"rendered":"<p>Wof\u00fcr ein Hochbeet? Hochbeete k\u00f6nnen auf viele verschiedene Arten eingesetzt werden &#8211; f\u00fcr jede Einsatzfrom braucht man oft eine sehr spezifische L\u00f6sung. Im Garten, auf &hellip;<\/p>\n","protected":false},"author":2,"featured_media":1209,"parent":0,"menu_order":0,"comment_status":"closed","ping_status":"closed","template":"","meta":{"_vp_format_video_url":"","_vp_image_focal_point":{"x":0.5,"y":0.5},"footnotes":""},"class_list":["post-1203","page","type-page","status-publish","has-post-thumbnail","hentry"],"_links":{"self":[{"href":"https:\/\/thomas-schmitt.ch\/index.php?rest_route=\/wp\/v2\/pages\/1203","targetHints":{"allow":["GET"]}}],"collection":[{"href":"https:\/\/thomas-schmitt.ch\/index.php?rest_route=\/wp\/v2\/pages"}],"about":[{"href":"https:\/\/thomas-schmitt.ch\/index.php?rest_route=\/wp\/v2\/types\/page"}],"author":[{"embeddable":true,"href":"https:\/\/thomas-schmitt.ch\/index.php?rest_route=\/wp\/v2\/users\/2"}],"replies":[{"embeddable":true,"href":"https:\/\/thomas-schmitt.ch\/index.php?rest_route=%2Fwp%2Fv2%2Fcomments&post=1203"}],"version-history":[{"count":28,"href":"https:\/\/thomas-schmitt.ch\/index.php?rest_route=\/wp\/v2\/pages\/1203\/revisions"}],"predecessor-version":[{"id":1749,"href":"https:\/\/thomas-schmitt.ch\/index.php?rest_route=\/wp\/v2\/pages\/1203\/revisions\/1749"}],"wp:featuredmedia":[{"embeddable":true,"href":"https:\/\/thomas-schmitt.ch\/index.php?rest_route=\/wp\/v2\/media\/1209"}],"wp:attachment":[{"href":"https:\/\/thomas-schmitt.ch\/index.php?rest_route=%2Fwp%2Fv2%2Fmedia&parent=1203"}],"curies":[{"name":"wp","href":"https:\/\/api.w.org\/{rel}","templated":true}]}}