{"id":1546,"date":"2025-03-24T14:52:56","date_gmt":"2025-03-24T14:52:56","guid":{"rendered":"https:\/\/thomas-schmitt.ch\/?page_id=1546"},"modified":"2025-03-25T13:04:48","modified_gmt":"2025-03-25T13:04:48","slug":"spezielle-gartenhaeuser","status":"publish","type":"page","link":"https:\/\/thomas-schmitt.ch\/?page_id=1546","title":{"rendered":"Spezielle Gartenh\u00e4user"},"content":{"rendered":"\n<h2 class=\"wp-block-heading\">Tomatenhaus<\/h2>\n\n\n\n<div class=\"wp-block-columns is-layout-flex wp-container-core-columns-is-layout-9d6595d7 wp-block-columns-is-layout-flex\">\n<div class=\"wp-block-column is-layout-flow wp-block-column-is-layout-flow\">\n<figure class=\"wp-block-image size-large\"><img loading=\"lazy\" decoding=\"async\" width=\"1024\" height=\"768\" src=\"https:\/\/thomas-schmitt.ch\/wp-content\/uploads\/2025\/03\/2022-006-Tomatenhaus-Luzia-1024x768.jpg\" alt=\"\" class=\"wp-image-1547\" srcset=\"https:\/\/thomas-schmitt.ch\/wp-content\/uploads\/2025\/03\/2022-006-Tomatenhaus-Luzia-1024x768.jpg 1024w, https:\/\/thomas-schmitt.ch\/wp-content\/uploads\/2025\/03\/2022-006-Tomatenhaus-Luzia-300x225.jpg 300w, https:\/\/thomas-schmitt.ch\/wp-content\/uploads\/2025\/03\/2022-006-Tomatenhaus-Luzia-768x576.jpg 768w, https:\/\/thomas-schmitt.ch\/wp-content\/uploads\/2025\/03\/2022-006-Tomatenhaus-Luzia-1536x1152.jpg 1536w, https:\/\/thomas-schmitt.ch\/wp-content\/uploads\/2025\/03\/2022-006-Tomatenhaus-Luzia-2048x1536.jpg 2048w, https:\/\/thomas-schmitt.ch\/wp-content\/uploads\/2025\/03\/2022-006-Tomatenhaus-Luzia-500x375.jpg 500w, https:\/\/thomas-schmitt.ch\/wp-content\/uploads\/2025\/03\/2022-006-Tomatenhaus-Luzia-800x600.jpg 800w, https:\/\/thomas-schmitt.ch\/wp-content\/uploads\/2025\/03\/2022-006-Tomatenhaus-Luzia-1280x960.jpg 1280w, https:\/\/thomas-schmitt.ch\/wp-content\/uploads\/2025\/03\/2022-006-Tomatenhaus-Luzia-1920x1440.jpg 1920w, https:\/\/thomas-schmitt.ch\/wp-content\/uploads\/2025\/03\/2022-006-Tomatenhaus-Luzia-400x300.jpg 400w\" sizes=\"auto, (max-width: 1024px) 100vw, 1024px\" \/><\/figure>\n<\/div>\n\n\n\n<div class=\"wp-block-column is-layout-flow wp-block-column-is-layout-flow\">\n<p>Dieses Tomatenhaus ist wie praktisch alle meine Aussenarbeiten aus Douglasie gefertigt. Der Boden ist freigelegt zum Anpflanzen, die R\u00fcckwand luftdurchl\u00e4ssig (da auch durch die Hecke gesch\u00fctzt), die Seitenw\u00e4nde sind offen.<\/p>\n\n\n\n<p>F\u00fcr das Dach habe ich zwei Fenster \u00fcber eine Verkaufsb\u00f6rse gesucht. Somit bekommend die Tomaten immer maximales Sonnenlicht.<\/p>\n<\/div>\n<\/div>\n\n\n\n<h2 class=\"wp-block-heading\">&#8222;Schwimmbadh\u00e4uschen&#8220;<\/h2>\n\n\n\n<div class=\"wp-block-columns is-layout-flex wp-container-core-columns-is-layout-9d6595d7 wp-block-columns-is-layout-flex\">\n<div class=\"wp-block-column is-layout-flow wp-block-column-is-layout-flow\">\n<p>Das H\u00e4uschen beim Swimmingpool wurde von meinem Kunden selbst entworfen.<\/p>\n\n\n\n<p>In das H\u00e4uschen kommt noch eine kleine Bank, an der Seite Haken f\u00fcr Badem\u00e4ntel oder Handt\u00fccher.<\/p>\n\n\n\n<p>Das Dach ist mit Dachpappe abgedeckt (sieht man hier nicht). Links aussen ist das Dach breiter gebaut, hier kommt noch die gr\u00fcne Laterne hin. Auch hier ist das Haus aus Douglasie. Es ist eins meiner ganz wenigen Projekte, das nicht &#8222;nature&#8220; ist, sondern weiss gestrichen.<\/p>\n<\/div>\n\n\n\n<div class=\"wp-block-column is-layout-flow wp-block-column-is-layout-flow\">\n<figure class=\"wp-block-image size-large\"><img loading=\"lazy\" decoding=\"async\" width=\"1024\" height=\"768\" src=\"https:\/\/thomas-schmitt.ch\/wp-content\/uploads\/2025\/03\/2023003-Schwimmbadhaeuschen-1024x768.png\" alt=\"\" class=\"wp-image-1549\" srcset=\"https:\/\/thomas-schmitt.ch\/wp-content\/uploads\/2025\/03\/2023003-Schwimmbadhaeuschen-1024x768.png 1024w, https:\/\/thomas-schmitt.ch\/wp-content\/uploads\/2025\/03\/2023003-Schwimmbadhaeuschen-300x225.png 300w, https:\/\/thomas-schmitt.ch\/wp-content\/uploads\/2025\/03\/2023003-Schwimmbadhaeuschen-768x576.png 768w, https:\/\/thomas-schmitt.ch\/wp-content\/uploads\/2025\/03\/2023003-Schwimmbadhaeuschen-1536x1152.png 1536w, https:\/\/thomas-schmitt.ch\/wp-content\/uploads\/2025\/03\/2023003-Schwimmbadhaeuschen-2048x1536.png 2048w, https:\/\/thomas-schmitt.ch\/wp-content\/uploads\/2025\/03\/2023003-Schwimmbadhaeuschen-500x375.png 500w, https:\/\/thomas-schmitt.ch\/wp-content\/uploads\/2025\/03\/2023003-Schwimmbadhaeuschen-800x600.png 800w, https:\/\/thomas-schmitt.ch\/wp-content\/uploads\/2025\/03\/2023003-Schwimmbadhaeuschen-1280x960.png 1280w, https:\/\/thomas-schmitt.ch\/wp-content\/uploads\/2025\/03\/2023003-Schwimmbadhaeuschen-1920x1440.png 1920w, https:\/\/thomas-schmitt.ch\/wp-content\/uploads\/2025\/03\/2023003-Schwimmbadhaeuschen-400x300.png 400w\" sizes=\"auto, (max-width: 1024px) 100vw, 1024px\" \/><\/figure>\n<\/div>\n<\/div>\n\n\n\n<h2 class=\"wp-block-heading\">Garten-\/Ger\u00e4teschuppen<\/h2>\n\n\n\n<div class=\"wp-block-columns is-layout-flex wp-container-core-columns-is-layout-9d6595d7 wp-block-columns-is-layout-flex\">\n<div class=\"wp-block-column is-layout-flow wp-block-column-is-layout-flow\">\n<div class=\"wp-block-columns is-layout-flex wp-container-core-columns-is-layout-9d6595d7 wp-block-columns-is-layout-flex\">\n<div class=\"wp-block-column is-layout-flow wp-block-column-is-layout-flow\">\n<div class=\"wp-block-columns is-layout-flex wp-container-core-columns-is-layout-9d6595d7 wp-block-columns-is-layout-flex\">\n<div class=\"wp-block-column is-layout-flow wp-block-column-is-layout-flow\">\n<figure class=\"wp-block-image size-full\"><img loading=\"lazy\" decoding=\"async\" width=\"768\" height=\"1024\" src=\"https:\/\/thomas-schmitt.ch\/wp-content\/uploads\/2025\/03\/2020-Gartenhaus-Hede-10.jpg\" alt=\"\" class=\"wp-image-1550\" srcset=\"https:\/\/thomas-schmitt.ch\/wp-content\/uploads\/2025\/03\/2020-Gartenhaus-Hede-10.jpg 768w, https:\/\/thomas-schmitt.ch\/wp-content\/uploads\/2025\/03\/2020-Gartenhaus-Hede-10-225x300.jpg 225w, https:\/\/thomas-schmitt.ch\/wp-content\/uploads\/2025\/03\/2020-Gartenhaus-Hede-10-500x667.jpg 500w\" sizes=\"auto, (max-width: 768px) 100vw, 768px\" \/><\/figure>\n<\/div>\n\n\n\n<div class=\"wp-block-column is-layout-flow wp-block-column-is-layout-flow\">\n<figure class=\"wp-block-image size-full\"><img loading=\"lazy\" decoding=\"async\" width=\"768\" height=\"1024\" src=\"https:\/\/thomas-schmitt.ch\/wp-content\/uploads\/2021\/05\/2020-Gartenhaus-Hede-08.jpg\" alt=\"\" class=\"wp-image-82\" srcset=\"https:\/\/thomas-schmitt.ch\/wp-content\/uploads\/2021\/05\/2020-Gartenhaus-Hede-08.jpg 768w, https:\/\/thomas-schmitt.ch\/wp-content\/uploads\/2021\/05\/2020-Gartenhaus-Hede-08-225x300.jpg 225w\" sizes=\"auto, (max-width: 768px) 100vw, 768px\" \/><\/figure>\n<\/div>\n<\/div>\n<\/div>\n<\/div>\n<\/div>\n\n\n\n<div class=\"wp-block-column is-layout-flow wp-block-column-is-layout-flow\">\n<p>Eine meine ersten Arbeiten, ein Gartenschuppen f\u00fcr meine Schwester.<\/p>\n\n\n\n<p>Der ist gar nicht schlecht gelungen, mit Dachpappe, stabiler T\u00fcr und auf Mass unter den Wasserablauf vom Dach.<\/p>\n\n\n\n<p>Das Holz hier ist Restholz von einem Parkett &#8230; super Parkettholz, Hainbucher. Sehr hartes Holz. Leider nicht wirklich f\u00fcr den Aussenbereich geeignet. Die T\u00fcr hat sich nach gut 3 Jahren doch ziemlich verzogen. Da musste ich f\u00fcr einmal nachbessern<\/p>\n<\/div>\n<\/div>\n\n\n\n<h2 class=\"wp-block-heading\">Gartenkiste<\/h2>\n\n\n\n<div class=\"wp-block-columns is-layout-flex wp-container-core-columns-is-layout-9d6595d7 wp-block-columns-is-layout-flex\">\n<div class=\"wp-block-column is-layout-flow wp-block-column-is-layout-flow\">\n<p>Ein wirklich altes Projekt von mir, unsere Kiste im Garten f\u00fcr Kissen und H\u00e4ngematte.<\/p>\n\n\n\n<p>Wie unser Hochbeet ist das aus unserem alten Terrassenholz hergestellt. Der Deckel ist mit Dachpappe \u00fcberzogen, die vier Seitenw\u00e4nde kann man ganz einfach auseinandernehmen. Mit dem Deckel sind das also 4 Einzelteile, die ich im Winter einfach auseinandernehmen kann und im Keller versorgen kann.<\/p>\n\n\n\n<p>In der Kiste habe ich von einer gekauften &#8222;Billigkiste&#8220; den W\u00e4schesack mit einem Klettbank eingeh\u00e4ngt. Somit bleiben die Sachen da drin gesch\u00fctzt und trotzdem luftig frisch.<\/p>\n<\/div>\n\n\n\n<div class=\"wp-block-column is-layout-flow wp-block-column-is-layout-flow\">\n<figure class=\"wp-block-image size-full\"><img loading=\"lazy\" decoding=\"async\" width=\"2560\" height=\"1920\" src=\"https:\/\/thomas-schmitt.ch\/wp-content\/uploads\/2021\/05\/2017-Gartenkiste-Thomas-01-scaled.jpg\" alt=\"\" class=\"wp-image-73\" srcset=\"https:\/\/thomas-schmitt.ch\/wp-content\/uploads\/2021\/05\/2017-Gartenkiste-Thomas-01-scaled.jpg 2560w, https:\/\/thomas-schmitt.ch\/wp-content\/uploads\/2021\/05\/2017-Gartenkiste-Thomas-01-300x225.jpg 300w\" sizes=\"auto, (max-width: 2560px) 100vw, 2560px\" \/><\/figure>\n<\/div>\n<\/div>\n\n\n\n<div style=\"height:68px\" aria-hidden=\"true\" class=\"wp-block-spacer\"><\/div>\n\n\n\n<hr class=\"wp-block-separator has-alpha-channel-opacity is-style-wide\"\/>\n\n\n\n<div style=\"height:68px\" aria-hidden=\"true\" class=\"wp-block-spacer\"><\/div>\n\n\n<div class=\"wp-block-image is-style-rounded\">\n<figure class=\"aligncenter size-large is-resized\"><a href=\"https:\/\/thomas-schmitt.ch\/\"><img loading=\"lazy\" decoding=\"async\" width=\"1024\" height=\"491\" src=\"https:\/\/thomas-schmitt.ch\/wp-content\/uploads\/2021\/09\/cropped-Thomas-Schmitt-Logo-1024x491.png\" alt=\"\" class=\"wp-image-756\" style=\"width:403px;height:auto\" srcset=\"https:\/\/thomas-schmitt.ch\/wp-content\/uploads\/2021\/09\/cropped-Thomas-Schmitt-Logo-1024x491.png 1024w, https:\/\/thomas-schmitt.ch\/wp-content\/uploads\/2021\/09\/cropped-Thomas-Schmitt-Logo-300x144.png 300w, https:\/\/thomas-schmitt.ch\/wp-content\/uploads\/2021\/09\/cropped-Thomas-Schmitt-Logo-768x368.png 768w, https:\/\/thomas-schmitt.ch\/wp-content\/uploads\/2021\/09\/cropped-Thomas-Schmitt-Logo-500x240.png 500w, https:\/\/thomas-schmitt.ch\/wp-content\/uploads\/2021\/09\/cropped-Thomas-Schmitt-Logo-800x383.png 800w, https:\/\/thomas-schmitt.ch\/wp-content\/uploads\/2021\/09\/cropped-Thomas-Schmitt-Logo-1280x613.png 1280w, https:\/\/thomas-schmitt.ch\/wp-content\/uploads\/2021\/09\/cropped-Thomas-Schmitt-Logo-496x238.png 496w, https:\/\/thomas-schmitt.ch\/wp-content\/uploads\/2021\/09\/cropped-Thomas-Schmitt-Logo.png 1388w\" sizes=\"auto, (max-width: 1024px) 100vw, 1024px\" \/><\/a><\/figure>\n<\/div>\n\n\n<div style=\"height:68px\" aria-hidden=\"true\" class=\"wp-block-spacer\"><\/div>\n ","protected":false},"excerpt":{"rendered":"<p>Tomatenhaus Dieses Tomatenhaus ist wie praktisch alle meine Aussenarbeiten aus Douglasie gefertigt. Der Boden ist freigelegt zum Anpflanzen, die R\u00fcckwand luftdurchl\u00e4ssig (da auch durch die &hellip;<\/p>\n","protected":false},"author":2,"featured_media":1547,"parent":0,"menu_order":0,"comment_status":"closed","ping_status":"closed","template":"","meta":{"_vp_format_video_url":"","_vp_image_focal_point":{"x":0.5,"y":0.5},"footnotes":""},"class_list":["post-1546","page","type-page","status-publish","has-post-thumbnail","hentry"],"_links":{"self":[{"href":"https:\/\/thomas-schmitt.ch\/index.php?rest_route=\/wp\/v2\/pages\/1546","targetHints":{"allow":["GET"]}}],"collection":[{"href":"https:\/\/thomas-schmitt.ch\/index.php?rest_route=\/wp\/v2\/pages"}],"about":[{"href":"https:\/\/thomas-schmitt.ch\/index.php?rest_route=\/wp\/v2\/types\/page"}],"author":[{"embeddable":true,"href":"https:\/\/thomas-schmitt.ch\/index.php?rest_route=\/wp\/v2\/users\/2"}],"replies":[{"embeddable":true,"href":"https:\/\/thomas-schmitt.ch\/index.php?rest_route=%2Fwp%2Fv2%2Fcomments&post=1546"}],"version-history":[{"count":8,"href":"https:\/\/thomas-schmitt.ch\/index.php?rest_route=\/wp\/v2\/pages\/1546\/revisions"}],"predecessor-version":[{"id":1719,"href":"https:\/\/thomas-schmitt.ch\/index.php?rest_route=\/wp\/v2\/pages\/1546\/revisions\/1719"}],"wp:featuredmedia":[{"embeddable":true,"href":"https:\/\/thomas-schmitt.ch\/index.php?rest_route=\/wp\/v2\/media\/1547"}],"wp:attachment":[{"href":"https:\/\/thomas-schmitt.ch\/index.php?rest_route=%2Fwp%2Fv2%2Fmedia&parent=1546"}],"curies":[{"name":"wp","href":"https:\/\/api.w.org\/{rel}","templated":true}]}}